{"id":6194,"date":"2017-02-09T13:15:51","date_gmt":"2017-02-09T13:15:51","guid":{"rendered":"http:\/\/trophy.mikado-themes.com\/?page_id=6194"},"modified":"2023-09-11T13:11:22","modified_gmt":"2023-09-11T11:11:22","slug":"geschichte","status":"publish","type":"page","link":"https:\/\/fussball.neufelden.at\/index.php\/geschichte\/","title":{"rendered":"Vereinsgeschichte"},"content":{"rendered":"<p>[vc_row row_type=&#8220;parallax&#8220; content_width=&#8220;grid&#8220; full_screen_section_height=&#8220;no&#8220; parallax_background_image=&#8220;6316&#8243; css=&#8220;.vc_custom_1489398834742{padding-top: 38px !important;padding-bottom: 91px !important;background-image: url(http:\/\/trophy.mikado-themes.com\/wp-content\/uploads\/2017\/02\/history-img-1.jpg?id=9686) !important;}&#8220;][vc_column offset=&#8220;vc_col-lg-offset-0 vc_col-lg-12 vc_col-md-offset-0 vc_col-md-12&#8243;]<div class=\"mkd-elements-holder mkd-responsive-mode-768\" ><div class=\"mkd-elements-holder-item mkd-width-1-1 mkd-vertical-alignment-middle mkd-horizontal-alignment-left\" data-item-class=\"mkd-elements-holder-custom-638175\" data-1024-1280=\"0px 0%\" data-768-1024=\"0px 1%\" data-600-768=\"0px 0%\" data-480=\"0px 0%\" >\n    <div class=\"mkd-elements-holder-item-inner\">\n        <div\n            class=\"mkd-elements-holder-item-content mkd-elements-holder-custom-638175\" style=\"padding: 0px 8%\">\n            <div class=\"mkd-elements-holder-item-content-inner\">\n                <div class=\"mkd-workflow mkd-workflow-animate\">\n    <span class=\"main-line\" style=\"\"><\/span>\n    <div class=\"mkd-workflow-item\">\n    <span class=\"line\" style=\"\"><\/span>\n    <div class=\"mkd-workflow-item-inner \">\n        <div class=\"mkd-workflow-image center\">\n            <img width=\"2048\" height=\"1536\" src=\"https:\/\/fussball.neufelden.at\/wp-content\/uploads\/gruppenfoto-final.jpg\" class=\"attachment-full size-full\" alt=\"\" loading=\"lazy\" srcset=\"https:\/\/fussball.neufelden.at\/wp-content\/uploads\/gruppenfoto-final.jpg 2048w, https:\/\/fussball.neufelden.at\/wp-content\/uploads\/gruppenfoto-final-300x225.jpg 300w, https:\/\/fussball.neufelden.at\/wp-content\/uploads\/gruppenfoto-final-1024x768.jpg 1024w, https:\/\/fussball.neufelden.at\/wp-content\/uploads\/gruppenfoto-final-768x576.jpg 768w, https:\/\/fussball.neufelden.at\/wp-content\/uploads\/gruppenfoto-final-1536x1152.jpg 1536w, https:\/\/fussball.neufelden.at\/wp-content\/uploads\/gruppenfoto-final-800x600.jpg 800w, https:\/\/fussball.neufelden.at\/wp-content\/uploads\/gruppenfoto-final-600x450.jpg 600w\" sizes=\"(max-width: 2048px) 100vw, 2048px\" \/>        <\/div>\n        <div class=\"mkd-workflow-text\">\n            <span class=\"circle\" style=\"\"><\/span>\n                            <h4>AUFSTEIGER 2023<\/h4>\n                                                    <p class=\"text\">Genau nach 25 Jahren und 1 Tag nach dem letzten Aufstieg in die 1. Klasse (10.06.1998) haben wir es 2023 wieder geschafft!<\/p>\n                    <\/div>\n    <\/div>\n<\/div><div class=\"mkd-workflow-item\">\n    <span class=\"line\" style=\"\"><\/span>\n    <div class=\"mkd-workflow-item-inner reverse\">\n        <div class=\"mkd-workflow-image right\">\n            <img width=\"1024\" height=\"768\" src=\"https:\/\/fussball.neufelden.at\/wp-content\/uploads\/WhatsApp-Image-2023-08-02-at-20.14.34.jpeg\" class=\"attachment-full size-full\" alt=\"\" loading=\"lazy\" srcset=\"https:\/\/fussball.neufelden.at\/wp-content\/uploads\/WhatsApp-Image-2023-08-02-at-20.14.34.jpeg 1024w, https:\/\/fussball.neufelden.at\/wp-content\/uploads\/WhatsApp-Image-2023-08-02-at-20.14.34-300x225.jpeg 300w, https:\/\/fussball.neufelden.at\/wp-content\/uploads\/WhatsApp-Image-2023-08-02-at-20.14.34-768x576.jpeg 768w, https:\/\/fussball.neufelden.at\/wp-content\/uploads\/WhatsApp-Image-2023-08-02-at-20.14.34-800x600.jpeg 800w, https:\/\/fussball.neufelden.at\/wp-content\/uploads\/WhatsApp-Image-2023-08-02-at-20.14.34-600x450.jpeg 600w\" sizes=\"(max-width: 1024px) 100vw, 1024px\" \/>        <\/div>\n        <div class=\"mkd-workflow-text\">\n            <span class=\"circle\" style=\"\"><\/span>\n                            <h4>Rasensanierung 2023<\/h4>\n                                                    <p class=\"text\">Im Jahr 2023 haben wir erneut den Rasen sanieren lassen.<\/p>\n                    <\/div>\n    <\/div>\n<\/div><div class=\"mkd-workflow-item\">\n    <span class=\"line\" style=\"\"><\/span>\n    <div class=\"mkd-workflow-item-inner \">\n        <div class=\"mkd-workflow-image center\">\n            <img width=\"2560\" height=\"1707\" src=\"https:\/\/fussball.neufelden.at\/wp-content\/uploads\/IMG_3269-scaled.jpg\" class=\"attachment-full size-full\" alt=\"\" loading=\"lazy\" srcset=\"https:\/\/fussball.neufelden.at\/wp-content\/uploads\/IMG_3269-scaled.jpg 2560w, https:\/\/fussball.neufelden.at\/wp-content\/uploads\/IMG_3269-300x200.jpg 300w, https:\/\/fussball.neufelden.at\/wp-content\/uploads\/IMG_3269-1024x683.jpg 1024w, https:\/\/fussball.neufelden.at\/wp-content\/uploads\/IMG_3269-768x512.jpg 768w, https:\/\/fussball.neufelden.at\/wp-content\/uploads\/IMG_3269-1536x1024.jpg 1536w, https:\/\/fussball.neufelden.at\/wp-content\/uploads\/IMG_3269-600x400.jpg 600w\" sizes=\"(max-width: 2560px) 100vw, 2560px\" \/>        <\/div>\n        <div class=\"mkd-workflow-text\">\n            <span class=\"circle\" style=\"\"><\/span>\n                            <h4>Kantinenerweiterung 2021<\/h4>\n                                                    <p class=\"text\">Im Jahr 2021 haben wir Rolll\u00e4den bekommen und somit eine Kantinenerweiterung erschaffen.<\/p>\n                    <\/div>\n    <\/div>\n<\/div><div class=\"mkd-workflow-item\">\n    <span class=\"line\" style=\"\"><\/span>\n    <div class=\"mkd-workflow-item-inner reverse\">\n        <div class=\"mkd-workflow-image right\">\n            <img width=\"604\" height=\"453\" src=\"https:\/\/fussball.neufelden.at\/wp-content\/uploads\/Bild1.jpg\" class=\"attachment-full size-full\" alt=\"\" loading=\"lazy\" srcset=\"https:\/\/fussball.neufelden.at\/wp-content\/uploads\/Bild1.jpg 604w, https:\/\/fussball.neufelden.at\/wp-content\/uploads\/Bild1-300x225.jpg 300w, https:\/\/fussball.neufelden.at\/wp-content\/uploads\/Bild1-600x450.jpg 600w\" sizes=\"(max-width: 604px) 100vw, 604px\" \/>        <\/div>\n        <div class=\"mkd-workflow-text\">\n            <span class=\"circle\" style=\"\"><\/span>\n                            <h4>Neue Flutlichtanlage 2021<\/h4>\n                                                    <p class=\"text\">Im Jahr 2021 haben wir ein spieltaugliches Flutlicht bekommen.<\/p>\n                    <\/div>\n    <\/div>\n<\/div><div class=\"mkd-workflow-item\">\n    <span class=\"line\" style=\"\"><\/span>\n    <div class=\"mkd-workflow-item-inner \">\n        <div class=\"mkd-workflow-image center\">\n            <img width=\"2048\" height=\"1020\" src=\"https:\/\/fussball.neufelden.at\/wp-content\/uploads\/Gruendung-2019.png\" class=\"attachment-full size-full\" alt=\"\" loading=\"lazy\" srcset=\"https:\/\/fussball.neufelden.at\/wp-content\/uploads\/Gruendung-2019.png 2048w, https:\/\/fussball.neufelden.at\/wp-content\/uploads\/Gruendung-2019-300x149.png 300w, https:\/\/fussball.neufelden.at\/wp-content\/uploads\/Gruendung-2019-1024x510.png 1024w, https:\/\/fussball.neufelden.at\/wp-content\/uploads\/Gruendung-2019-768x383.png 768w, https:\/\/fussball.neufelden.at\/wp-content\/uploads\/Gruendung-2019-1536x765.png 1536w, https:\/\/fussball.neufelden.at\/wp-content\/uploads\/Gruendung-2019-600x299.png 600w\" sizes=\"(max-width: 2048px) 100vw, 2048px\" \/>        <\/div>\n        <div class=\"mkd-workflow-text\">\n            <span class=\"circle\" style=\"\"><\/span>\n                            <h4>Gr\u00fcndung des Zweigvereins 2019<\/h4>\n                                                    <p class=\"text\">Seit dem Jahr 2019 tritt unser Sportverein als selbstst\u00e4ndiger Zweigverein unter dem Namen Sportunion Fu\u00dfballverein Neufelden auf.<\/p>\n                    <\/div>\n    <\/div>\n<\/div><div class=\"mkd-workflow-item\">\n    <span class=\"line\" style=\"\"><\/span>\n    <div class=\"mkd-workflow-item-inner reverse\">\n        <div class=\"mkd-workflow-image center\">\n            <img width=\"2048\" height=\"1024\" src=\"https:\/\/fussball.neufelden.at\/wp-content\/uploads\/Bewasserung-2048x1024-1.jpg\" class=\"attachment-full size-full\" alt=\"\" loading=\"lazy\" srcset=\"https:\/\/fussball.neufelden.at\/wp-content\/uploads\/Bewasserung-2048x1024-1.jpg 2048w, https:\/\/fussball.neufelden.at\/wp-content\/uploads\/Bewasserung-2048x1024-1-300x150.jpg 300w, https:\/\/fussball.neufelden.at\/wp-content\/uploads\/Bewasserung-2048x1024-1-1024x512.jpg 1024w, https:\/\/fussball.neufelden.at\/wp-content\/uploads\/Bewasserung-2048x1024-1-768x384.jpg 768w, https:\/\/fussball.neufelden.at\/wp-content\/uploads\/Bewasserung-2048x1024-1-1536x768.jpg 1536w\" sizes=\"(max-width: 2048px) 100vw, 2048px\" \/>        <\/div>\n        <div class=\"mkd-workflow-text\">\n            <span class=\"circle\" style=\"\"><\/span>\n                            <h4>Bew\u00e4sserungsanlage 2019<\/h4>\n                                                    <p class=\"text\">2019 wurde unser Rasensprenger durch eine automatische Bew\u00e4sserungsanlage ersetzt.<\/p>\n                    <\/div>\n    <\/div>\n<\/div><div class=\"mkd-workflow-item\">\n    <span class=\"line\" style=\"\"><\/span>\n    <div class=\"mkd-workflow-item-inner \">\n        <div class=\"mkd-workflow-image center\">\n            <img width=\"2048\" height=\"1024\" src=\"https:\/\/fussball.neufelden.at\/wp-content\/uploads\/Rasensanierung-2048x1024-1.jpg\" class=\"attachment-full size-full\" alt=\"\" loading=\"lazy\" srcset=\"https:\/\/fussball.neufelden.at\/wp-content\/uploads\/Rasensanierung-2048x1024-1.jpg 2048w, https:\/\/fussball.neufelden.at\/wp-content\/uploads\/Rasensanierung-2048x1024-1-300x150.jpg 300w, https:\/\/fussball.neufelden.at\/wp-content\/uploads\/Rasensanierung-2048x1024-1-1024x512.jpg 1024w, https:\/\/fussball.neufelden.at\/wp-content\/uploads\/Rasensanierung-2048x1024-1-768x384.jpg 768w, https:\/\/fussball.neufelden.at\/wp-content\/uploads\/Rasensanierung-2048x1024-1-1536x768.jpg 1536w\" sizes=\"(max-width: 2048px) 100vw, 2048px\" \/>        <\/div>\n        <div class=\"mkd-workflow-text\">\n            <span class=\"circle\" style=\"\"><\/span>\n                            <h4>Grillh\u00fctte und Rasensanierung 2017<\/h4>\n                                                    <p class=\"text\">Die n\u00e4chste gr\u00f6\u00dfere Baustelle hatte der FVN im Jahr 2017, als der gesamte Rasen saniert wurde. Auch eine neue Grillh\u00fctte wurde angeschafft.<\/p>\n                    <\/div>\n    <\/div>\n<\/div><div class=\"mkd-workflow-item\">\n    <span class=\"line\" style=\"\"><\/span>\n    <div class=\"mkd-workflow-item-inner reverse\">\n        <div class=\"mkd-workflow-image center\">\n            <img width=\"2048\" height=\"1024\" src=\"https:\/\/fussball.neufelden.at\/wp-content\/uploads\/Spielplatz-2048x1024-1.jpg\" class=\"attachment-full size-full\" alt=\"\" loading=\"lazy\" srcset=\"https:\/\/fussball.neufelden.at\/wp-content\/uploads\/Spielplatz-2048x1024-1.jpg 2048w, https:\/\/fussball.neufelden.at\/wp-content\/uploads\/Spielplatz-2048x1024-1-300x150.jpg 300w, https:\/\/fussball.neufelden.at\/wp-content\/uploads\/Spielplatz-2048x1024-1-1024x512.jpg 1024w, https:\/\/fussball.neufelden.at\/wp-content\/uploads\/Spielplatz-2048x1024-1-768x384.jpg 768w, https:\/\/fussball.neufelden.at\/wp-content\/uploads\/Spielplatz-2048x1024-1-1536x768.jpg 1536w\" sizes=\"(max-width: 2048px) 100vw, 2048px\" \/>        <\/div>\n        <div class=\"mkd-workflow-text\">\n            <span class=\"circle\" style=\"\"><\/span>\n                            <h4>Trib\u00fcne und Spielplatz 2015<\/h4>\n                                                    <p class=\"text\">Im Jahr 2015 wurden die Trib\u00fcnen erneuert, sowie ein Kinderspielplatz errichtet.<\/p>\n                    <\/div>\n    <\/div>\n<\/div><div class=\"mkd-workflow-item\">\n    <span class=\"line\" style=\"\"><\/span>\n    <div class=\"mkd-workflow-item-inner \">\n        <div class=\"mkd-workflow-image center\">\n            <img width=\"2048\" height=\"1024\" src=\"https:\/\/fussball.neufelden.at\/wp-content\/uploads\/Meisterfoto-1998-2048x1024-1.jpg\" class=\"attachment-full size-full\" alt=\"\" loading=\"lazy\" srcset=\"https:\/\/fussball.neufelden.at\/wp-content\/uploads\/Meisterfoto-1998-2048x1024-1.jpg 2048w, https:\/\/fussball.neufelden.at\/wp-content\/uploads\/Meisterfoto-1998-2048x1024-1-300x150.jpg 300w, https:\/\/fussball.neufelden.at\/wp-content\/uploads\/Meisterfoto-1998-2048x1024-1-1024x512.jpg 1024w, https:\/\/fussball.neufelden.at\/wp-content\/uploads\/Meisterfoto-1998-2048x1024-1-768x384.jpg 768w, https:\/\/fussball.neufelden.at\/wp-content\/uploads\/Meisterfoto-1998-2048x1024-1-1536x768.jpg 1536w\" sizes=\"(max-width: 2048px) 100vw, 2048px\" \/>        <\/div>\n        <div class=\"mkd-workflow-text\">\n            <span class=\"circle\" style=\"\"><\/span>\n                            <h4>Dritter Meistertitel 1997\/98<\/h4>\n                                                    <p class=\"text\">Zum drtitten Mal an der Tabellenspitze standen die Neufeldner 1997\/98 unter der Leitung von Klaus Brunninger.<\/p>\n                    <\/div>\n    <\/div>\n<\/div><div class=\"mkd-workflow-item\">\n    <span class=\"line\" style=\"\"><\/span>\n    <div class=\"mkd-workflow-item-inner reverse\">\n        <div class=\"mkd-workflow-image center\">\n            <img width=\"2048\" height=\"1024\" src=\"https:\/\/fussball.neufelden.at\/wp-content\/uploads\/Vereinshaus-2048x1024-1.jpg\" class=\"attachment-full size-full\" alt=\"\" loading=\"lazy\" srcset=\"https:\/\/fussball.neufelden.at\/wp-content\/uploads\/Vereinshaus-2048x1024-1.jpg 2048w, https:\/\/fussball.neufelden.at\/wp-content\/uploads\/Vereinshaus-2048x1024-1-300x150.jpg 300w, https:\/\/fussball.neufelden.at\/wp-content\/uploads\/Vereinshaus-2048x1024-1-1024x512.jpg 1024w, https:\/\/fussball.neufelden.at\/wp-content\/uploads\/Vereinshaus-2048x1024-1-768x384.jpg 768w, https:\/\/fussball.neufelden.at\/wp-content\/uploads\/Vereinshaus-2048x1024-1-1536x768.jpg 1536w\" sizes=\"(max-width: 2048px) 100vw, 2048px\" \/>        <\/div>\n        <div class=\"mkd-workflow-text\">\n            <span class=\"circle\" style=\"\"><\/span>\n                            <h4>Zweiter Meistertitel 1987\/88<\/h4>\n                                                    <p class=\"text\">Unter Trainer Rudolph Sailer wurden die Neufeldner L\u00f6wen in der Saison 1987\/88 zum zweiten Mal Meister und stiegen in die erste Klasse auf.<\/p>\n                    <\/div>\n    <\/div>\n<\/div><div class=\"mkd-workflow-item\">\n    <span class=\"line\" style=\"\"><\/span>\n    <div class=\"mkd-workflow-item-inner \">\n        <div class=\"mkd-workflow-image center\">\n            <img width=\"2048\" height=\"1024\" src=\"https:\/\/fussball.neufelden.at\/wp-content\/uploads\/urkunden-2048x1024-1.jpg\" class=\"attachment-full size-full\" alt=\"\" loading=\"lazy\" srcset=\"https:\/\/fussball.neufelden.at\/wp-content\/uploads\/urkunden-2048x1024-1.jpg 2048w, https:\/\/fussball.neufelden.at\/wp-content\/uploads\/urkunden-2048x1024-1-300x150.jpg 300w, https:\/\/fussball.neufelden.at\/wp-content\/uploads\/urkunden-2048x1024-1-1024x512.jpg 1024w, https:\/\/fussball.neufelden.at\/wp-content\/uploads\/urkunden-2048x1024-1-768x384.jpg 768w, https:\/\/fussball.neufelden.at\/wp-content\/uploads\/urkunden-2048x1024-1-1536x768.jpg 1536w\" sizes=\"(max-width: 2048px) 100vw, 2048px\" \/>        <\/div>\n        <div class=\"mkd-workflow-text\">\n            <span class=\"circle\" style=\"\"><\/span>\n                            <h4>Erster Meistertitel 1976\/77<\/h4>\n                                                    <p class=\"text\">In der Saison 1976\/77 wurde Neufelden zum ersten Mal Meister in der zweiten Klasse Nord-West.<\/p>\n                    <\/div>\n    <\/div>\n<\/div><div class=\"mkd-workflow-item\">\n    <span class=\"line\" style=\"\"><\/span>\n    <div class=\"mkd-workflow-item-inner reverse\">\n        <div class=\"mkd-workflow-image center\">\n            <img width=\"2048\" height=\"1024\" src=\"https:\/\/fussball.neufelden.at\/wp-content\/uploads\/erste-Mannschaft-web.jpg\" class=\"attachment-full size-full\" alt=\"\" loading=\"lazy\" srcset=\"https:\/\/fussball.neufelden.at\/wp-content\/uploads\/erste-Mannschaft-web.jpg 2048w, https:\/\/fussball.neufelden.at\/wp-content\/uploads\/erste-Mannschaft-web-300x150.jpg 300w, https:\/\/fussball.neufelden.at\/wp-content\/uploads\/erste-Mannschaft-web-1024x512.jpg 1024w, https:\/\/fussball.neufelden.at\/wp-content\/uploads\/erste-Mannschaft-web-768x384.jpg 768w, https:\/\/fussball.neufelden.at\/wp-content\/uploads\/erste-Mannschaft-web-1536x768.jpg 1536w, https:\/\/fussball.neufelden.at\/wp-content\/uploads\/erste-Mannschaft-web-600x300.jpg 600w\" sizes=\"(max-width: 2048px) 100vw, 2048px\" \/>        <\/div>\n        <div class=\"mkd-workflow-text\">\n            <span class=\"circle\" style=\"\"><\/span>\n                            <h4>Erste Mannschaft<\/h4>\n                                            <\/div>\n    <\/div>\n<\/div><div class=\"mkd-workflow-item\">\n    <span class=\"line\" style=\"\"><\/span>\n    <div class=\"mkd-workflow-item-inner \">\n        <div class=\"mkd-workflow-image center\">\n            <img width=\"2048\" height=\"1024\" src=\"https:\/\/fussball.neufelden.at\/wp-content\/uploads\/klubhau-web.jpg\" class=\"attachment-full size-full\" alt=\"\" loading=\"lazy\" srcset=\"https:\/\/fussball.neufelden.at\/wp-content\/uploads\/klubhau-web.jpg 2048w, https:\/\/fussball.neufelden.at\/wp-content\/uploads\/klubhau-web-300x150.jpg 300w, https:\/\/fussball.neufelden.at\/wp-content\/uploads\/klubhau-web-1024x512.jpg 1024w, https:\/\/fussball.neufelden.at\/wp-content\/uploads\/klubhau-web-768x384.jpg 768w, https:\/\/fussball.neufelden.at\/wp-content\/uploads\/klubhau-web-1536x768.jpg 1536w, https:\/\/fussball.neufelden.at\/wp-content\/uploads\/klubhau-web-600x300.jpg 600w\" sizes=\"(max-width: 2048px) 100vw, 2048px\" \/>        <\/div>\n        <div class=\"mkd-workflow-text\">\n            <span class=\"circle\" style=\"\"><\/span>\n                            <h4>Gr\u00fcndungsjahr 1976<\/h4>\n                                                    <p class=\"text\">Der Sportverein Neufelden wurde 1976 gegr\u00fcndet.<\/p>\n                    <\/div>\n    <\/div>\n<\/div><\/div>            <\/div>\n        <\/div>\n    <\/div>\n<\/div><\/div>[\/vc_column][\/vc_row]<\/p>\n","protected":false},"excerpt":{"rendered":"<p>[vc_row row_type=&#8220;parallax&#8220; content_width=&#8220;grid&#8220; full_screen_section_height=&#8220;no&#8220; parallax_background_image=&#8220;6316&#8243; css=&#8220;.vc_custom_1489398834742{padding-top: 38px !important;padding-bottom: 91px !important;background-image: url(http:\/\/trophy.mikado-themes.com\/wp-content\/uploads\/2017\/02\/history-img-1.jpg?id=9686) !important;}&#8220;][vc_column offset=&#8220;vc_col-lg-offset-0 vc_col-lg-12 vc_col-md-offset-0 vc_col-md-12&#8243;][\/vc_column][\/vc_row]<\/p>\n","protected":false},"author":1,"featured_media":0,"parent":0,"menu_order":0,"comment_status":"closed","ping_status":"closed","template":"full-width.php","meta":[],"_links":{"self":[{"href":"https:\/\/fussball.neufelden.at\/index.php\/wp-json\/wp\/v2\/pages\/6194"}],"collection":[{"href":"https:\/\/fussball.neufelden.at\/index.php\/wp-json\/wp\/v2\/pages"}],"about":[{"href":"https:\/\/fussball.neufelden.at\/index.php\/wp-json\/wp\/v2\/types\/page"}],"author":[{"embeddable":true,"href":"https:\/\/fussball.neufelden.at\/index.php\/wp-json\/wp\/v2\/users\/1"}],"replies":[{"embeddable":true,"href":"https:\/\/fussball.neufelden.at\/index.php\/wp-json\/wp\/v2\/comments?post=6194"}],"version-history":[{"count":34,"href":"https:\/\/fussball.neufelden.at\/index.php\/wp-json\/wp\/v2\/pages\/6194\/revisions"}],"predecessor-version":[{"id":13213,"href":"https:\/\/fussball.neufelden.at\/index.php\/wp-json\/wp\/v2\/pages\/6194\/revisions\/13213"}],"wp:attachment":[{"href":"https:\/\/fussball.neufelden.at\/index.php\/wp-json\/wp\/v2\/media?parent=6194"}],"curies":[{"name":"wp","href":"https:\/\/api.w.org\/{rel}","templated":true}]}}